{"id":3,"date":"2022-06-13T21:24:55","date_gmt":"2022-06-14T00:24:55","guid":{"rendered":"http:\/\/xn--confianacontainers-evb.com.br\/?page_id=3"},"modified":"2022-06-26T20:05:47","modified_gmt":"2022-06-26T23:05:47","slug":"politica-de-privacidade","status":"publish","type":"page","link":"https:\/\/xn--confianacontainers-evb.com.br\/index.php\/politica-de-privacidade\/","title":{"rendered":"Pol\u00edtica de privacidade"},"content":{"rendered":"\n<p>A ACEITA\u00c7\u00c3O DA NOSSA POL\u00cdTICA DE PRIVACIDADE IMPLICA NO EXPRESSO CONSENTIMENTO EM RELA\u00c7\u00c3O AO NOSSO TRATAMENTO DE DADOS E INFORMA\u00c7\u00d5ES. N\u00c3O UTILIZE, CASO N\u00c3O CONCORDE.<\/p>\n\n\n\n<p>VOC\u00ca TAMB\u00c9M EST\u00c1 AUTORIZANDO A CONTRATO CERTO A COMPARTILHAR SEUS DADOS PESSOAIS CADASTRADOS (NOS TERMOS DA LGPD- LEI GERAL DE PROTE\u00c7\u00c3O DE DADOS) EM SEGURAN\u00c7A E SIGILO, PARA A TERCEIROS, PARA FINS DO PERFEITO FUNCIONAMENTO DA PLATAFORMA.<\/p>\n\n\n\n<h2 class=\"wp-block-heading\">Termos<\/h2>\n\n\n\n<p>INFORMAMOS QUE NOS TERMOS DA LEI GERAL DE PROTE\u00c7\u00c3O DE DADOS, A COLETA E TRATAMENTO DOS DADOS COLETADOS OBEDECE AOS PRINC\u00cdPIOS DA BOA-F\u00c9, FINALIDADE, ADEQUA\u00c7\u00c3O, NECESSIDADE, LIVRE ACESSO, QUALIDADE DOS DADOS, TRANSPAR\u00caNCIA, SEGURAN\u00c7A, PREVEN\u00c7\u00c3O, NAO DISCRIMINA\u00c7\u00c3O BEM COMO RESPONSABILIZA\u00c7\u00c3O E PRESTA\u00c7\u00c3O DE CONTAS.<\/p>\n\n\n\n<p>INFORMAMOS QUE AO NAVEGAR E PREENCHER SEU CONTATO VOC\u00ca ESTAR\u00c1 AUTOMATICAMENTE CONCORDANDO COM OS PRESENTES TERMOS DE USO. SOMENTE PESSOAS ACIMA DE 18 ANOS PODEM FAZER NEGOCIA\u00c7\u00d5ES NO SITE. CASO VOC\u00ca TENHA ENTRE 13 E 17 ANOS, N\u00d3S ENTENDEMOS QUE VOC\u00ca EST\u00c1 SENDO ASSISTIDO PELOS SEUS PAIS E RESPONS\u00c1VEIS AO NAVEGAR POR ESTE SITE E QUE ESTES LERAM E CONCORDARAM COM OS TERMOS DE USO \u2013 NO ENTANTO, MENORES DE IDADE N\u00c3O PODEM ADQUIRIR PRODUTOS OU SERVI\u00c7OS.<\/p>\n\n\n\n<h2 class=\"wp-block-heading\">Conceitos<\/h2>\n\n\n\n<p><strong class=\"privacy-policy-tutorial\"> <\/strong>Para fins desta Pol\u00edtica de Privacidade, devem ser considerados os seguintes conceitos:<\/p>\n\n\n\n<p><strong><u>Cookies:<\/u><\/strong>&nbsp;Os cookies servem para ajudar a determinar o seu interesse e o n\u00famero de vezes que voc\u00ea acessa o nosso site e quais a as suas principais a\u00e7\u00f5es quando navega no mesmo, permitindo uma navega\u00e7\u00e3o mais r\u00e1pida e eficiente, eliminando a necessidade de introduzir repetidamente as mesmas informa\u00e7\u00f5es. Nosso interesse \u00e9 facilitar a sua interatividade, otimizar seus acessos e lhe garantir uma experi\u00eancia personalizada ao navegar em nosso site, de acordo com seu perfil de acesso.<\/p>\n\n\n\n<p><strong><u>Criptografia:<\/u><\/strong>&nbsp;a criptografia \u00e9 uma t\u00e9cnica de seguran\u00e7a usada em todos os sistemas informatizados que requerem prote\u00e7\u00e3o das informa\u00e7\u00f5es transmitidas e armazenadas. O objetivo da criptografia \u00e9 transformar um conjunto de informa\u00e7\u00e3o leg\u00edvel, como um e-mail, por exemplo, em um emaranhado de caracteres imposs\u00edvel de ser compreendido. A Criptografia \u00e9 usada, dentre outras finalidades, para autenticar a identidade de usu\u00e1rios e transa\u00e7\u00f5es banc\u00e1rias, al\u00e9m de proteger a integridade de transfer\u00eancias eletr\u00f4nicas de fundos, bem como o sigilo de comunica\u00e7\u00f5es pessoais e comerciais.<\/p>\n\n\n\n<p><strong><u>Endere\u00e7o IP (Internet Protocol):<\/u><\/strong>&nbsp;Cada m\u00e1quina na Internet tem um n\u00famero de identifica\u00e7\u00e3o exclusivo chamado endere\u00e7o IP. Para que fique mais f\u00e1cil de lembrarmos estes n\u00fameros, os endere\u00e7os IP normalmente s\u00e3o expressos no formato decimal com um \u201cn\u00famero decimal pontilhado\u201d como este: 123.45.67.890.<\/p>\n\n\n\n<p><strong><u>Formul\u00e1rio de contato:<\/u><\/strong>&nbsp;\u00c9 um formul\u00e1rio on-line que permite que visitantes assinem nossa newsletter, preencha formul\u00e1rios, envie curr\u00edculos, solicitem informa\u00e7\u00f5es sobre nossos servi\u00e7os ou baixem nosso conte\u00fado educativo, onde, de forma espont\u00e2nea, o mesmo fornece seu endere\u00e7o de e-mail, nome, telefone ou outras informa\u00e7\u00f5es opcionais que a Lex Contabilidade venha solicitar.<\/p>\n\n\n\n<h3 class=\"wp-block-heading\">Condi\u00e7\u00f5es Gerais da Pol\u00edtica de Privacidade<\/h3>\n\n\n\n<p>A presente pol\u00edtica tem a inten\u00e7\u00e3o de mostrar e exemplificar a maneira como coletamos, protegemos e utilizamos as informa\u00e7\u00f5es dos nossos clientes.<\/p>\n\n\n\n<p>Ao utilizar nossos servi\u00e7os e navegar em nosso site, voc\u00ea concorda com o uso e condi\u00e7\u00f5es impostas por esta Pol\u00edtica de Privacidade e Seguran\u00e7a.<\/p>\n\n\n\n<h3 class=\"wp-block-heading\">Para fins desta pol\u00edtica, devem ser observadas as seguintes considera\u00e7\u00f5es:<\/h3>\n\n\n\n<p><strong>1 \u2013<\/strong>\u00a0A Confian\u00e7a Containers coleta informa\u00e7\u00f5es pessoais  capazes de identificar os usu\u00e1rios, quando esses:<\/p>\n\n\n\n<p>\u2013 Solicitam informa\u00e7\u00f5es ou realizam uma transa\u00e7\u00e3o via site;<\/p>\n\n\n\n<p>\u2013 Preenchem qualquer formul\u00e1rio de contato exposto em nosso site ou landing pages;<\/p>\n\n\n\n<p><strong>2 \u2013<\/strong>&nbsp;Para cada uma das formas de coleta de dados poder\u00e3o ser solicitadas diferentes informa\u00e7\u00f5es, conforme a finalidade de cada uma delas. Logo, cada usu\u00e1rio ser\u00e1 informado sobre os dados que est\u00e3o sendo solicitados e coletados, ficando ao seu crit\u00e9rio fornec\u00ea-los ou n\u00e3o.<\/p>\n\n\n\n<p><strong>3 \u2013<\/strong>&nbsp;A Confian\u00e7a Containers&nbsp;recebe e armazena automaticamente, por meio de cookies, informa\u00e7\u00f5es em seus servidores sobre as atividades advindas do navegador do internauta, incluindo o endere\u00e7o IP e as p\u00e1ginas acessadas. Os registros de eventos e atividades no site da Confian\u00e7a Containers(logs) ser\u00e3o utilizados para as seguintes finalidades:&nbsp;(a)&nbsp;Fazer contato e relacionamento;&nbsp;(b)&nbsp;enviar e-mails e correspond\u00eancias , Digital ou impresso, Guias e E-books e o que servir de ve\u00edculo de comunica\u00e7\u00e3o com o usu\u00e1rio;&nbsp;(c)&nbsp;Enviar convites para eventos em geral;&nbsp;(d)&nbsp;enviar mensagens de atendimento e suporte;&nbsp;(e)&nbsp;manter site atualizado;&nbsp;(f)&nbsp;elaborar relat\u00f3rios , processuais e estrat\u00e9gicos no interesse desta empresa.<\/p>\n\n\n\n<p>Para o tratamento de capta\u00e7\u00e3o de informa\u00e7\u00f5es e dados pessoais, para qualquer outra finalidade distinta das hip\u00f3teses mencionadas acima, ser\u00e3o devidamente comunicadas ao usu\u00e1rio.<\/p>\n\n\n\n<p><strong>4<\/strong> &#8211; Qualquer informa\u00e7\u00e3o coletada de nossos usu\u00e1rios \u00e9 armazenada de acordo com os mais r\u00edgidos padr\u00f5es de seguran\u00e7a e confiabilidade praticados pelo mercado. Investimos nossos melhores esfor\u00e7os e recursos na manuten\u00e7\u00e3o da integridade das informa\u00e7\u00f5es que nos forem cedidas.<\/p>\n\n\n\n<p>5<strong>\u00a0\u2013<\/strong>\u00a0Todos os dados pessoais coletados s\u00e3o incorporados ao banco de dados da Confian\u00e7a Containers, sendo o mesmo respons\u00e1vel pela sua guarda e armazenamento seguro nos termos desta Pol\u00edtica de Privacidade.<\/p>\n\n\n\n<p><strong>6\u00a0\u2013<\/strong>\u00a0Os usu\u00e1rios do site garantem a veracidade e a exatid\u00e3o dos dados pessoais que fornecem \u00e0  Confian\u00e7a Containers, bem como assume a correspondente responsabilidade pelo fornecimento dos mesmos. A  Confian\u00e7a Containers\u00a0n\u00e3o assume qualquer responsabilidade no caso da inexatid\u00e3o dos dados informados pelos usu\u00e1rios de seu site.<\/p>\n\n\n\n<p>7<strong> \u2013<\/strong>\u00a0Os usu\u00e1rios poder\u00e3o, a qualquer momento, solicitar o direito de acesso, retifica\u00e7\u00e3o e exclus\u00e3o de seus dados pessoais, bastando, para tanto, faz\u00ea-las atrav\u00e9s de \u00e1rea espec\u00edfica indicada no site pelo e-mail\u00a0contato@confian\u00e7acontainers.com.br<\/p>\n\n\n\n<p>Esta Pol\u00edtica de Privacidade est\u00e1 sujeita a constantes melhorias e aprimoramentos. Deste modo, a mesma ser\u00e1 revista periodicamente e atualizada em nosso site.<\/p>\n\n\n\n<p><strong>8\u00a0\u2013<\/strong>\u00a0Referente a Legisla\u00e7\u00e3o aplic\u00e1vel e Foro, os itens destes Termos de Uso e Pol\u00edtica de Privacidade, e a rela\u00e7\u00e3o jur\u00eddica entre o usu\u00e1rios e Confian\u00e7a Containers, s\u00e3o regidos pelas leis vigentes na Rep\u00fablica Federativa do Brasil. Sendo assim, para todos os assuntos referentes \u00e0 interpreta\u00e7\u00e3o, ao cumprimento ou qualquer outro questionamento relacionado a este Termos de Uso e Pol\u00edtica de Privacidade, ser\u00e3o submetidos ao Foro da Comarca de Itaja\u00ed, Estado de Santa Catarina, com a ren\u00fancia expressa a qualquer outro.<\/p>\n\n\n\n<p><\/p>\n","protected":false},"excerpt":{"rendered":"<p>A ACEITA\u00c7\u00c3O DA NOSSA POL\u00cdTICA DE PRIVACIDADE IMPLICA NO EXPRESSO CONSENTIMENTO EM RELA\u00c7\u00c3O AO NOSSO TRATAMENTO DE DADOS E INFORMA\u00c7\u00d5ES. N\u00c3O UTILIZE, CASO N\u00c3O CONCORDE. VOC\u00ca TAMB\u00c9M EST\u00c1 AUTORIZANDO A CONTRATO CERTO A COMPARTILHAR SEUS DADOS PESSOAIS CADASTRADOS (NOS TERMOS DA LGPD- LEI GERAL DE PROTE\u00c7\u00c3O DE DADOS) EM SEGURAN\u00c7A E SIGILO, PARA A TERCEIROS, [&hellip;]<\/p>\n","protected":false},"author":1,"featured_media":0,"parent":0,"menu_order":0,"comment_status":"closed","ping_status":"open","template":"","meta":{"_joinchat":[],"footnotes":""},"class_list":["post-3","page","type-page","status-publish","hentry","entry"],"aioseo_notices":[],"_links":{"self":[{"href":"https:\/\/xn--confianacontainers-evb.com.br\/index.php\/wp-json\/wp\/v2\/pages\/3","targetHints":{"allow":["GET"]}}],"collection":[{"href":"https:\/\/xn--confianacontainers-evb.com.br\/index.php\/wp-json\/wp\/v2\/pages"}],"about":[{"href":"https:\/\/xn--confianacontainers-evb.com.br\/index.php\/wp-json\/wp\/v2\/types\/page"}],"author":[{"embeddable":true,"href":"https:\/\/xn--confianacontainers-evb.com.br\/index.php\/wp-json\/wp\/v2\/users\/1"}],"replies":[{"embeddable":true,"href":"https:\/\/xn--confianacontainers-evb.com.br\/index.php\/wp-json\/wp\/v2\/comments?post=3"}],"version-history":[{"count":2,"href":"https:\/\/xn--confianacontainers-evb.com.br\/index.php\/wp-json\/wp\/v2\/pages\/3\/revisions"}],"predecessor-version":[{"id":247,"href":"https:\/\/xn--confianacontainers-evb.com.br\/index.php\/wp-json\/wp\/v2\/pages\/3\/revisions\/247"}],"wp:attachment":[{"href":"https:\/\/xn--confianacontainers-evb.com.br\/index.php\/wp-json\/wp\/v2\/media?parent=3"}],"curies":[{"name":"wp","href":"https:\/\/api.w.org\/{rel}","templated":true}]}}