{"id":308,"date":"2022-09-29T22:03:55","date_gmt":"2022-09-30T01:03:55","guid":{"rendered":"https:\/\/xn--confianacontainers-evb.com.br\/?page_id=308"},"modified":"2025-05-14T09:36:16","modified_gmt":"2025-05-14T12:36:16","slug":"blog","status":"publish","type":"page","link":"https:\/\/xn--confianacontainers-evb.com.br\/index.php\/blog\/","title":{"rendered":"Blog"},"content":{"rendered":"\t\t<div data-elementor-type=\"wp-page\" data-elementor-id=\"308\" class=\"elementor elementor-308\">\n\t\t\t\t\t\t<section class=\"elementor-section elementor-top-section elementor-element elementor-element-10e6779 elementor-section-boxed elementor-section-height-default elementor-section-height-default\" data-id=\"10e6779\" data-element_type=\"section\" data-e-type=\"section\">\n\t\t\t\t\t\t<div class=\"elementor-container elementor-column-gap-default\">\n\t\t\t\t\t<div class=\"elementor-column elementor-col-100 elementor-top-column elementor-element elementor-element-9624207\" data-id=\"9624207\" data-element_type=\"column\" data-e-type=\"column\">\n\t\t\t<div class=\"elementor-widget-wrap elementor-element-populated\">\n\t\t\t\t\t\t<div class=\"elementor-element elementor-element-27e5902 elementor-widget elementor-widget-text-editor\" data-id=\"27e5902\" data-element_type=\"widget\" data-e-type=\"widget\" data-widget_type=\"text-editor.default\">\n\t\t\t\t<div class=\"elementor-widget-container\">\n\t\t\t\t\t\t\t\t\t<h2>Em nosso BLOG voc\u00ea encontra temas relacionados a canteiro de obras e reformas, e tamb\u00e9m como voc\u00ea poder\u00e1 utilizar nosso container de diversas formas.<\/h2>\t\t\t\t\t\t\t\t<\/div>\n\t\t\t\t<\/div>\n\t\t\t\t<div class=\"elementor-element elementor-element-10da624 elementor-widget elementor-widget-wp-widget-recent-posts\" data-id=\"10da624\" data-element_type=\"widget\" data-e-type=\"widget\" data-widget_type=\"wp-widget-recent-posts.default\">\n\t\t\t\t<div class=\"elementor-widget-container\">\n\t\t\t\t\t\n\t\t\n\t\t<h5>Posts recentes<\/h5>\n\t\t<ul>\n\t\t\t\t\t\t\t\t\t\t\t<li>\n\t\t\t\t\t<a href=\"https:\/\/xn--confianacontainers-evb.com.br\/index.php\/2025\/11\/26\/valores-de-locacao-de-containers-solucao-pratica-e-segura-para-obras\/\">Valores de loca\u00e7\u00e3o de Containers: Solu\u00e7\u00e3o pr\u00e1tica e segura para obras<\/a>\n\t\t\t\t\t\t\t\t\t<\/li>\n\t\t\t\t\t\t\t\t\t\t\t<li>\n\t\t\t\t\t<a href=\"https:\/\/xn--confianacontainers-evb.com.br\/index.php\/2025\/06\/26\/seguranca-em-containers\/\">Seguran\u00e7a em Containers<\/a>\n\t\t\t\t\t\t\t\t\t<\/li>\n\t\t\t\t\t\t\t\t\t\t\t<li>\n\t\t\t\t\t<a href=\"https:\/\/xn--confianacontainers-evb.com.br\/index.php\/2024\/06\/06\/na-hora-de-construir-melhor-fazer-um-deposito-ou-alugar-um-container-para-guardar-os-materiais\/\">Na hora de construir, melhor fazer um dep\u00f3sito ou alugar um container para guardar os materiais?<\/a>\n\t\t\t\t\t\t\t\t\t<\/li>\n\t\t\t\t\t\t\t\t\t\t\t<li>\n\t\t\t\t\t<a href=\"https:\/\/xn--confianacontainers-evb.com.br\/index.php\/2023\/11\/01\/modelos-de-containers\/\">Modelos de Containers<\/a>\n\t\t\t\t\t\t\t\t\t<\/li>\n\t\t\t\t\t\t\t\t\t\t\t<li>\n\t\t\t\t\t<a href=\"https:\/\/xn--confianacontainers-evb.com.br\/index.php\/2023\/09\/18\/casa-container\/\">Casa Container<\/a>\n\t\t\t\t\t\t\t\t\t<\/li>\n\t\t\t\t\t<\/ul>\n\n\t\t\t\t\t\t<\/div>\n\t\t\t\t<\/div>\n\t\t\t\t\t<\/div>\n\t\t<\/div>\n\t\t\t\t\t<\/div>\n\t\t<\/section>\n\t\t\t\t<\/div>\n\t\t","protected":false},"excerpt":{"rendered":"<p>Em nosso BLOG voc\u00ea encontra temas relacionados a canteiro de obras e reformas, e tamb\u00e9m como voc\u00ea poder\u00e1 utilizar nosso container de diversas formas.<\/p>\n","protected":false},"author":1,"featured_media":0,"parent":0,"menu_order":0,"comment_status":"closed","ping_status":"closed","template":"","meta":{"_joinchat":[],"footnotes":""},"class_list":["post-308","page","type-page","status-publish","hentry","entry"],"aioseo_notices":[],"_links":{"self":[{"href":"https:\/\/xn--confianacontainers-evb.com.br\/index.php\/wp-json\/wp\/v2\/pages\/308","targetHints":{"allow":["GET"]}}],"collection":[{"href":"https:\/\/xn--confianacontainers-evb.com.br\/index.php\/wp-json\/wp\/v2\/pages"}],"about":[{"href":"https:\/\/xn--confianacontainers-evb.com.br\/index.php\/wp-json\/wp\/v2\/types\/page"}],"author":[{"embeddable":true,"href":"https:\/\/xn--confianacontainers-evb.com.br\/index.php\/wp-json\/wp\/v2\/users\/1"}],"replies":[{"embeddable":true,"href":"https:\/\/xn--confianacontainers-evb.com.br\/index.php\/wp-json\/wp\/v2\/comments?post=308"}],"version-history":[{"count":7,"href":"https:\/\/xn--confianacontainers-evb.com.br\/index.php\/wp-json\/wp\/v2\/pages\/308\/revisions"}],"predecessor-version":[{"id":364,"href":"https:\/\/xn--confianacontainers-evb.com.br\/index.php\/wp-json\/wp\/v2\/pages\/308\/revisions\/364"}],"wp:attachment":[{"href":"https:\/\/xn--confianacontainers-evb.com.br\/index.php\/wp-json\/wp\/v2\/media?parent=308"}],"curies":[{"name":"wp","href":"https:\/\/api.w.org\/{rel}","templated":true}]}}