{"id":95,"date":"2022-06-23T18:56:24","date_gmt":"2022-06-23T21:56:24","guid":{"rendered":"https:\/\/xn--confianacontainers-evb.com.br\/?page_id=95"},"modified":"2025-05-14T09:44:02","modified_gmt":"2025-05-14T12:44:02","slug":"sobre-nos","status":"publish","type":"page","link":"https:\/\/xn--confianacontainers-evb.com.br\/index.php\/sobre-nos\/","title":{"rendered":"Sobre N\u00f3s"},"content":{"rendered":"\t\t<div data-elementor-type=\"wp-page\" data-elementor-id=\"95\" class=\"elementor elementor-95\">\n\t\t\t\t\t\t<section class=\"elementor-section elementor-top-section elementor-element elementor-element-c1ecc14 elementor-section-full_width elementor-section-stretched elementor-section-height-default elementor-section-height-default\" data-id=\"c1ecc14\" data-element_type=\"section\" data-e-type=\"section\" data-settings=\"{&quot;stretch_section&quot;:&quot;section-stretched&quot;,&quot;background_background&quot;:&quot;classic&quot;}\">\n\t\t\t\t\t\t<div class=\"elementor-container elementor-column-gap-default\">\n\t\t\t\t\t<div class=\"elementor-column elementor-col-100 elementor-top-column elementor-element elementor-element-7d7c43c\" data-id=\"7d7c43c\" data-element_type=\"column\" data-e-type=\"column\">\n\t\t\t<div class=\"elementor-widget-wrap elementor-element-populated\">\n\t\t\t\t\t\t<section class=\"elementor-section elementor-inner-section elementor-element elementor-element-72835d9 elementor-section-full_width elementor-section-height-default elementor-section-height-default\" data-id=\"72835d9\" data-element_type=\"section\" data-e-type=\"section\">\n\t\t\t\t\t\t<div class=\"elementor-container elementor-column-gap-default\">\n\t\t\t\t\t<div class=\"elementor-column elementor-col-100 elementor-inner-column elementor-element elementor-element-e19bd9d\" data-id=\"e19bd9d\" data-element_type=\"column\" data-e-type=\"column\">\n\t\t\t<div class=\"elementor-widget-wrap elementor-element-populated\">\n\t\t\t\t\t\t<div class=\"elementor-element elementor-element-6a7531c elementor-widget elementor-widget-heading\" data-id=\"6a7531c\" data-element_type=\"widget\" data-e-type=\"widget\" data-widget_type=\"heading.default\">\n\t\t\t\t<div class=\"elementor-widget-container\">\n\t\t\t\t\t<h1 class=\"elementor-heading-title elementor-size-large\">Sobre nossa Empresa<\/h1>\t\t\t\t<\/div>\n\t\t\t\t<\/div>\n\t\t\t\t\t<\/div>\n\t\t<\/div>\n\t\t\t\t\t<\/div>\n\t\t<\/section>\n\t\t\t\t\t<\/div>\n\t\t<\/div>\n\t\t\t\t\t<\/div>\n\t\t<\/section>\n\t\t\t\t<section class=\"elementor-section elementor-top-section elementor-element elementor-element-18f3d7b elementor-section-boxed elementor-section-height-default elementor-section-height-default\" data-id=\"18f3d7b\" data-element_type=\"section\" data-e-type=\"section\">\n\t\t\t\t\t\t<div class=\"elementor-container elementor-column-gap-default\">\n\t\t\t\t\t<div class=\"elementor-column elementor-col-50 elementor-top-column elementor-element elementor-element-6628342\" data-id=\"6628342\" data-element_type=\"column\" data-e-type=\"column\">\n\t\t\t<div class=\"elementor-widget-wrap elementor-element-populated\">\n\t\t\t\t\t\t<div class=\"elementor-element elementor-element-53da87b elementor-widget elementor-widget-text-editor\" data-id=\"53da87b\" data-element_type=\"widget\" data-e-type=\"widget\" data-widget_type=\"text-editor.default\">\n\t\t\t\t<div class=\"elementor-widget-container\">\n\t\t\t\t\t\t\t\t\t<h2>A Confian\u00e7a Containers nasceu com o prop\u00f3sito de facilitar e acelerar o processo no in\u00edcio das obras, garantindo a seguran\u00e7a necess\u00e1ria e a tranquilidade ao dono da obra e tamb\u00e9m aos trabalhadores que dela dependem.<\/h2><h2>O nosso comprometimento com o cliente est\u00e1\u00a0 na qualidade dos produtos, no atendimento de excel\u00eancia e no prazo de loca\u00e7\u00e3o, que poder\u00e1 ser a partir de contratos com 30 dias de loca\u00e7\u00e3o.<\/h2><h2>Nossos produtos incluem containers box com medidas\u00a0 a partir de 3 metros e banheiros ecol\u00f3gicos com acesso diretamente na rede de \u00e1gua e esgoto local.<\/h2><h2>Estamos localizados na cidade de Navegantes e atendemos toda a regi\u00e3o do Vale do Itaja\u00ed.<\/h2><div>\u00a0<\/div>\t\t\t\t\t\t\t\t<\/div>\n\t\t\t\t<\/div>\n\t\t\t\t\t<\/div>\n\t\t<\/div>\n\t\t\t\t<div class=\"elementor-column elementor-col-50 elementor-top-column elementor-element elementor-element-1fac3ac\" data-id=\"1fac3ac\" data-element_type=\"column\" data-e-type=\"column\">\n\t\t\t<div class=\"elementor-widget-wrap elementor-element-populated\">\n\t\t\t\t\t\t<div class=\"elementor-element elementor-element-e196a53 elementor-widget elementor-widget-image\" data-id=\"e196a53\" data-element_type=\"widget\" data-e-type=\"widget\" data-widget_type=\"image.default\">\n\t\t\t\t<div class=\"elementor-widget-container\">\n\t\t\t\t\t\t\t\t\t\t\t\t\t\t\t<img fetchpriority=\"high\" decoding=\"async\" width=\"930\" height=\"418\" src=\"https:\/\/xn--confianacontainers-evb.com.br\/wp-content\/uploads\/2022\/06\/container-logo.png\" class=\"attachment-large size-large wp-image-154\" alt=\"\" srcset=\"https:\/\/xn--confianacontainers-evb.com.br\/wp-content\/uploads\/2022\/06\/container-logo.png 930w, https:\/\/xn--confianacontainers-evb.com.br\/wp-content\/uploads\/2022\/06\/container-logo-300x135.png 300w, https:\/\/xn--confianacontainers-evb.com.br\/wp-content\/uploads\/2022\/06\/container-logo-768x345.png 768w\" sizes=\"(max-width: 930px) 100vw, 930px\" \/>\t\t\t\t\t\t\t\t\t\t\t\t\t\t\t<\/div>\n\t\t\t\t<\/div>\n\t\t\t\t\t<\/div>\n\t\t<\/div>\n\t\t\t\t\t<\/div>\n\t\t<\/section>\n\t\t\t\t<section class=\"elementor-section elementor-top-section elementor-element elementor-element-e11b6bf elementor-section-full_width elementor-section-stretched elementor-section-height-default elementor-section-height-default\" data-id=\"e11b6bf\" data-element_type=\"section\" data-e-type=\"section\" data-settings=\"{&quot;stretch_section&quot;:&quot;section-stretched&quot;,&quot;background_background&quot;:&quot;classic&quot;}\">\n\t\t\t\t\t\t<div class=\"elementor-container elementor-column-gap-default\">\n\t\t\t\t\t<div class=\"elementor-column elementor-col-50 elementor-top-column elementor-element elementor-element-a506b75\" data-id=\"a506b75\" data-element_type=\"column\" data-e-type=\"column\">\n\t\t\t<div class=\"elementor-widget-wrap elementor-element-populated\">\n\t\t\t\t\t\t<div class=\"elementor-element elementor-element-2fb58fe elementor-widget elementor-widget-text-editor\" data-id=\"2fb58fe\" data-element_type=\"widget\" data-e-type=\"widget\" data-widget_type=\"text-editor.default\">\n\t\t\t\t<div class=\"elementor-widget-container\">\n\t\t\t\t\t\t\t\t\t<p><strong>NOSSOS SERVI\u00c7OS<\/strong><\/p><p><strong>\u2013Venda<\/strong><\/p><p><strong>-Loca\u00e7\u00e3o<\/strong><\/p>\t\t\t\t\t\t\t\t<\/div>\n\t\t\t\t<\/div>\n\t\t\t\t\t<\/div>\n\t\t<\/div>\n\t\t\t\t<div class=\"elementor-column elementor-col-50 elementor-top-column elementor-element elementor-element-b0d631e\" data-id=\"b0d631e\" data-element_type=\"column\" data-e-type=\"column\">\n\t\t\t<div class=\"elementor-widget-wrap elementor-element-populated\">\n\t\t\t\t\t\t<div class=\"elementor-element elementor-element-cf83f6b elementor-widget elementor-widget-text-editor\" data-id=\"cf83f6b\" data-element_type=\"widget\" data-e-type=\"widget\" data-widget_type=\"text-editor.default\">\n\t\t\t\t<div class=\"elementor-widget-container\">\n\t\t\t\t\t\t\t\t\t<p><strong>ENTRE EM CONTATO CONOSCO<\/strong><\/p><p>Rua Alfredo Rebelo, 105 \u2013 Navegantes\/SC<\/p><p>contato@confian\u00e7acontainers.com.br<\/p><p>(47) 9188-7155<\/p>\t\t\t\t\t\t\t\t<\/div>\n\t\t\t\t<\/div>\n\t\t\t\t\t<\/div>\n\t\t<\/div>\n\t\t\t\t\t<\/div>\n\t\t<\/section>\n\t\t\t\t<\/div>\n\t\t","protected":false},"excerpt":{"rendered":"<p>Sobre nossa Empresa A Confian\u00e7a Containers nasceu com o prop\u00f3sito de facilitar e acelerar o processo no in\u00edcio das obras, garantindo a seguran\u00e7a necess\u00e1ria e a tranquilidade ao dono da obra e tamb\u00e9m aos trabalhadores que dela dependem. O nosso comprometimento com o cliente est\u00e1\u00a0 na qualidade dos produtos, no atendimento de excel\u00eancia e no [&hellip;]<\/p>\n","protected":false},"author":1,"featured_media":0,"parent":0,"menu_order":0,"comment_status":"closed","ping_status":"closed","template":"","meta":{"_joinchat":[],"footnotes":""},"class_list":["post-95","page","type-page","status-publish","hentry","entry"],"aioseo_notices":[],"_links":{"self":[{"href":"https:\/\/xn--confianacontainers-evb.com.br\/index.php\/wp-json\/wp\/v2\/pages\/95","targetHints":{"allow":["GET"]}}],"collection":[{"href":"https:\/\/xn--confianacontainers-evb.com.br\/index.php\/wp-json\/wp\/v2\/pages"}],"about":[{"href":"https:\/\/xn--confianacontainers-evb.com.br\/index.php\/wp-json\/wp\/v2\/types\/page"}],"author":[{"embeddable":true,"href":"https:\/\/xn--confianacontainers-evb.com.br\/index.php\/wp-json\/wp\/v2\/users\/1"}],"replies":[{"embeddable":true,"href":"https:\/\/xn--confianacontainers-evb.com.br\/index.php\/wp-json\/wp\/v2\/comments?post=95"}],"version-history":[{"count":26,"href":"https:\/\/xn--confianacontainers-evb.com.br\/index.php\/wp-json\/wp\/v2\/pages\/95\/revisions"}],"predecessor-version":[{"id":477,"href":"https:\/\/xn--confianacontainers-evb.com.br\/index.php\/wp-json\/wp\/v2\/pages\/95\/revisions\/477"}],"wp:attachment":[{"href":"https:\/\/xn--confianacontainers-evb.com.br\/index.php\/wp-json\/wp\/v2\/media?parent=95"}],"curies":[{"name":"wp","href":"https:\/\/api.w.org\/{rel}","templated":true}]}}